{"id":6815,"date":"2021-09-29T13:26:46","date_gmt":"2021-09-29T11:26:46","guid":{"rendered":"http:\/\/verein.zeinmedia.de\/?page_id=6815"},"modified":"2021-09-29T13:26:54","modified_gmt":"2021-09-29T11:26:54","slug":"6815-2","status":"publish","type":"page","link":"https:\/\/dkgppr.de\/es\/6815-2\/","title":{"rendered":"Imprint"},"content":{"rendered":"<h3><strong>Medizinisches Versorgungszentrum f\u00fcr k\u00f6rperliche und psychische Gesundheit Timmermann und Partner<\/strong><\/h3>\n<h5><strong>\u00c4rzte, Psychotherapeuten, Ergotherapeut, Logop\u00e4din und Physiotherapeut in Partnerschaft, Cuxhaven<br \/>\n<\/strong><\/h5>\n<p>Gesch\u00e4ftsf\u00fchrer: Jochen Timmermann<\/p>\n<p>Partnerschaftsregister Amtsgericht Hannover PR 100528<br \/>\nSt.-Nr. 18\/233\/23704<\/p>\n<p>Jochen Timmermann Facharzt f\u00fcr Psychosomatische Medizin und Psychotherapie<br \/>\nDr. med. Ulrike Leonow, Fach\u00e4rztin f\u00fcr Psychiatrie und Psychotherapie<br \/>\nMarienstr. 37a<br \/>\n27472 Cuxhaven<\/p>\n<p>Tel.: 0 47 21 \u2013 39 36 50<\/p>\n<p>Telefonzeiten:<\/p>\n<p>Montag \u2013 Donnerstag: 09:00 \u2013 12:30 Uhr und 14:00 \u2013 17:00 Uhr<br \/>\nFreitag: 09:00 \u2013 14:00 Uhr<\/p>\n<p>Fax: 0 47 21 \u2013 39 36 51<br \/>\nE-Mail:\u00a0 mail [at] timmermann-und-partner.de<\/p>\n<p><strong>Zust\u00e4ndige Aufsichtsbeh\u00f6rde:<\/strong><br \/>\nKassen\u00e4rztliche Vereinigung Niedersachsen<br \/>\nBezirksstelle Stade<br \/>\nAm Bahnhof 20<br \/>\n21680 Stade<\/p>\n<p><strong>Zust\u00e4ndige Kammer:<\/strong><br \/>\nLandes\u00e4rztekammer Niedersachsen<br \/>\nBerliner Allee 22<br \/>\n30175 Hannover<\/p>\n<p><strong>Berufsbezeichnung:<\/strong><br \/>\nArzt (verliehen in der Bundesrepublik Deutschland)<\/p>\n<p><strong>Berufsrechtliche Regelungen:<\/strong><br \/>\nBerufsordnung der Landes\u00e4rztekammer Niedersachsen (www.aekn.de)<br \/>\nHeilberufegesetz des Landes Niedersachsen<br \/>\nDie Regelungen finden sich im Gesetzblatt des Landes Niedersachsen<\/p>\n<p><strong>Inhaltlich Verantwortlicher gem\u00e4\u00df \u00a7 10 Absatz 3 MDStV:<\/strong><br \/>\nJochen Timmermann<\/p>\n<p><strong>Datenschutzbeauftragter:<br \/>\n<\/strong>Unseren Datenschutzbauftragten erreichen Sie unter:<br \/>\nE-Mail: datenschutz [at]timmermann-und-partner.de<\/p>\n<p><strong>Haftungshinweis:<\/strong><br \/>\nTrotz sorgf\u00e4ltiger inhaltlicher Kontrolle \u00fcbernehmen wir keine Haftung f\u00fcr die Inhalte externer Links. F\u00fcr den Inhalt der verlinkten Seiten sind ausschlie\u00dflich deren Betreiber verantwortlich.<\/p>\n","protected":false},"excerpt":{"rendered":"<p>Medizinisches Versorgungszentrum f\u00fcr k\u00f6rperliche und psychische Gesundheit Timmermann und Partner \u00c4rzte, Psychotherapeuten, Ergotherapeut, Logop\u00e4din und Physiotherapeut in Partnerschaft, Cuxhaven Gesch\u00e4ftsf\u00fchrer: Jochen Timmermann Partnerschaftsregister Amtsgericht Hannover PR 100528 St.-Nr. 18\/233\/23704 Jochen&#8230;<\/p>\n","protected":false},"author":1,"featured_media":0,"parent":0,"menu_order":0,"comment_status":"closed","ping_status":"closed","template":"","meta":[],"_links":{"self":[{"href":"https:\/\/dkgppr.de\/es\/wp-json\/wp\/v2\/pages\/6815"}],"collection":[{"href":"https:\/\/dkgppr.de\/es\/wp-json\/wp\/v2\/pages"}],"about":[{"href":"https:\/\/dkgppr.de\/es\/wp-json\/wp\/v2\/types\/page"}],"author":[{"embeddable":true,"href":"https:\/\/dkgppr.de\/es\/wp-json\/wp\/v2\/users\/1"}],"replies":[{"embeddable":true,"href":"https:\/\/dkgppr.de\/es\/wp-json\/wp\/v2\/comments?post=6815"}],"version-history":[{"count":2,"href":"https:\/\/dkgppr.de\/es\/wp-json\/wp\/v2\/pages\/6815\/revisions"}],"predecessor-version":[{"id":6817,"href":"https:\/\/dkgppr.de\/es\/wp-json\/wp\/v2\/pages\/6815\/revisions\/6817"}],"wp:attachment":[{"href":"https:\/\/dkgppr.de\/es\/wp-json\/wp\/v2\/media?parent=6815"}],"curies":[{"name":"wp","href":"https:\/\/api.w.org\/{rel}","templated":true}]}}